{"id":2,"date":"2016-05-10T03:48:21","date_gmt":"2016-05-10T03:48:21","guid":{"rendered":"https:\/\/petrolium.se\/?page_id=2"},"modified":"2024-06-09T15:07:07","modified_gmt":"2024-06-09T15:07:07","slug":"sample-page","status":"publish","type":"page","link":"https:\/\/petrolium.se\/","title":{"rendered":""},"content":{"rendered":"\n<p class=\"has-text-align-center\">&#8220;<em>V\u00e5rt focus \u00e4r att effektiversera ditt f\u00f6retag.&#8221;<\/em><\/p>\n\n\n\n<p><\/p>\n\n\n\n<p><\/p>\n\n\n\n<div class=\"wp-block-columns is-layout-flex wp-container-core-columns-layout-1 wp-block-columns-is-layout-flex\">\n<div class=\"wp-block-column is-layout-flow wp-block-column-is-layout-flow\">\n<figure class=\"wp-block-image size-large\"><img decoding=\"async\" src=\"https:\/\/orderstyrning.se\/wp-content\/uploads\/2021\/05\/tilbud.gif\" alt=\"\"\/><\/figure>\n\n\n\n<p class=\"has-text-align-center\">Vi \u00e4r \u00e5terf\u00f6rs\u00e4ljare f\u00f6r ett av branschens absolut vassaste aff\u00e4rssystem f\u00f6r hantverkare.<br><a href=\"https:\/\/orderstyrning.se\/\">Orderstyrning.se<\/a><\/p>\n\n\n\n<p><\/p>\n\n\n\n<p><\/p>\n<\/div>\n\n\n\n<div class=\"wp-block-column is-layout-flow wp-block-column-is-layout-flow\">\n<figure class=\"wp-block-image aligncenter size-full is-resized\"><img loading=\"lazy\" decoding=\"async\" width=\"99\" height=\"79\" src=\"https:\/\/petrolium.se\/wp-content\/uploads\/2024\/01\/petrofling.png\" alt=\"\" class=\"wp-image-25\" style=\"width:246px;height:auto\"\/><\/figure>\n\n\n\n<p class=\"has-text-align-center\">Vi hj\u00e4lper ditt f\u00f6retag att utveckla nya aff\u00e4rer och kostnadseffektivisera ert arbete. <\/p>\n<\/div>\n\n\n\n<div class=\"wp-block-column is-layout-flow wp-block-column-is-layout-flow\">\n<figure class=\"wp-block-image size-large\"><img decoding=\"async\" src=\"https:\/\/orderstyrning.se\/wp-content\/uploads\/2021\/05\/rapporter.gif\" alt=\"\"\/><\/figure>\n\n\n\n<p class=\"has-text-align-center\">Vi sk\u00f6ter ditt f\u00f6retags l\u00f6pande redovisning.<br>V\u00e5r specialitet \u00e4r sm\u00e5 och medelstora f\u00f6retag i byggbranschen.<\/p>\n<\/div>\n<\/div>\n\n\n\n<h2 class=\"wp-block-heading\">Kontakta oss:<\/h2>\n\n\n\n<div class=\"wp-block-media-text is-stacked-on-mobile is-vertically-aligned-bottom\" style=\"grid-template-columns:15% auto\"><figure class=\"wp-block-media-text__media\"><img loading=\"lazy\" decoding=\"async\" width=\"683\" height=\"1024\" src=\"https:\/\/petrolium.se\/wp-content\/uploads\/2024\/06\/16827956-1-683x1024.jpg\" alt=\"\" class=\"wp-image-91 size-full\" srcset=\"https:\/\/petrolium.se\/wp-content\/uploads\/2024\/06\/16827956-1-683x1024.jpg 683w, https:\/\/petrolium.se\/wp-content\/uploads\/2024\/06\/16827956-1-200x300.jpg 200w, https:\/\/petrolium.se\/wp-content\/uploads\/2024\/06\/16827956-1-2000x3000.jpg 2000w, https:\/\/petrolium.se\/wp-content\/uploads\/2024\/06\/16827956-1-scaled.jpg 1707w\" sizes=\"(max-width: 683px) 100vw, 683px\" \/><\/figure><div class=\"wp-block-media-text__content\">\n<p><\/p>\n<\/div><\/div>\n\n\n\n<h4 class=\"wp-block-heading\"><strong>Kristin Jakobsson<\/strong><\/h4>\n\n\n\n<p class=\"has-text-align-left\"><a href=\"mailto:Kristin.Jakobsson@Petrolium.se\">kristin.jakobsson@petrolium.se<\/a><\/p>\n\n\n\n<p>073-5156806<\/p>\n\n\n<div class=\"wp-block-site-logo\"><a href=\"https:\/\/petrolium.se\/\" class=\"custom-logo-link\" rel=\"home\"><img loading=\"lazy\" decoding=\"async\" width=\"120\" height=\"14\" src=\"https:\/\/petrolium.se\/wp-content\/uploads\/2024\/01\/cropped-Petrolium-genomskilig-1.png\" class=\"custom-logo\" alt=\"Petrolium\" srcset=\"https:\/\/petrolium.se\/wp-content\/uploads\/2024\/01\/cropped-Petrolium-genomskilig-1.png 2093w, https:\/\/petrolium.se\/wp-content\/uploads\/2024\/01\/cropped-Petrolium-genomskilig-1-300x36.png 300w, https:\/\/petrolium.se\/wp-content\/uploads\/2024\/01\/cropped-Petrolium-genomskilig-1-1024x122.png 1024w, https:\/\/petrolium.se\/wp-content\/uploads\/2024\/01\/cropped-Petrolium-genomskilig-1-768x92.png 768w, https:\/\/petrolium.se\/wp-content\/uploads\/2024\/01\/cropped-Petrolium-genomskilig-1-1536x183.png 1536w, https:\/\/petrolium.se\/wp-content\/uploads\/2024\/01\/cropped-Petrolium-genomskilig-1-2048x245.png 2048w, https:\/\/petrolium.se\/wp-content\/uploads\/2024\/01\/cropped-Petrolium-genomskilig-1-2000x250.png 2000w\" sizes=\"100vw\" \/><\/a><\/div>","protected":false},"excerpt":{"rendered":"<p>&#8220;V\u00e5rt focus \u00e4r att effektiversera ditt f\u00f6retag.&#8221; Vi \u00e4r \u00e5terf\u00f6rs\u00e4ljare f\u00f6r ett av branschens absolut vassaste aff\u00e4rssystem f\u00f6r hantverkare.Orderstyrning.se Vi hj\u00e4lper ditt f\u00f6retag att utveckla nya aff\u00e4rer och kostnadseffektivisera ert arbete. Vi sk\u00f6ter ditt f\u00f6retags l\u00f6pande redovisning.V\u00e5r specialitet \u00e4r sm\u00e5 och medelstora f\u00f6retag i byggbranschen. Kontakta oss: Kristin Jakobsson kristin.jakobsson@petrolium.se 073-5156806<\/p>\n","protected":false},"author":1,"featured_media":0,"parent":0,"menu_order":0,"comment_status":"closed","ping_status":"open","template":"","meta":{"footnotes":""},"_links":{"self":[{"href":"https:\/\/petrolium.se\/index.php?rest_route=\/wp\/v2\/pages\/2"}],"collection":[{"href":"https:\/\/petrolium.se\/index.php?rest_route=\/wp\/v2\/pages"}],"about":[{"href":"https:\/\/petrolium.se\/index.php?rest_route=\/wp\/v2\/types\/page"}],"author":[{"embeddable":true,"href":"https:\/\/petrolium.se\/index.php?rest_route=\/wp\/v2\/users\/1"}],"replies":[{"embeddable":true,"href":"https:\/\/petrolium.se\/index.php?rest_route=%2Fwp%2Fv2%2Fcomments&post=2"}],"version-history":[{"count":38,"href":"https:\/\/petrolium.se\/index.php?rest_route=\/wp\/v2\/pages\/2\/revisions"}],"predecessor-version":[{"id":93,"href":"https:\/\/petrolium.se\/index.php?rest_route=\/wp\/v2\/pages\/2\/revisions\/93"}],"wp:attachment":[{"href":"https:\/\/petrolium.se\/index.php?rest_route=%2Fwp%2Fv2%2Fmedia&parent=2"}],"curies":[{"name":"wp","href":"https:\/\/api.w.org\/{rel}","templated":true}]}}